{"id":53,"date":"2020-05-04T12:36:21","date_gmt":"2020-05-04T12:36:21","guid":{"rendered":"http:\/\/daenzer-preview.ch\/jetzt-19eRv\/?page_id=53"},"modified":"2026-04-16T11:14:46","modified_gmt":"2026-04-16T11:14:46","slug":"andristmatte-2","status":"publish","type":"page","link":"https:\/\/jetzt-fru.ch\/andristmatte\/","title":{"rendered":"jetzt Andristmatte"},"content":{"rendered":"<p>[et_pb_section fb_built=&#8220;1&#8243; _builder_version=&#8220;4.16&#8243; background_image=&#8220;https:\/\/jetzt-fru.ch\/andristmatte\/wp-content\/uploads\/jetzt-andristmatte_home_header.jpg&#8220; custom_margin=&#8220;0px||0px||false|false&#8220; custom_padding=&#8220;0px||0px||false|false&#8220; global_colors_info=&#8220;{}&#8220;][et_pb_row column_structure=&#8220;3_5,1_5,1_5&#8243; use_custom_gutter=&#8220;on&#8220; gutter_width=&#8220;1&#8243; custom_padding_last_edited=&#8220;off|desktop&#8220; _builder_version=&#8220;4.16&#8243; _module_preset=&#8220;default&#8220; width=&#8220;100%&#8220; max_width=&#8220;2560px&#8220; custom_margin=&#8220;0px||0px||false|false&#8220; custom_padding=&#8220;0px||5%||false|false&#8220; custom_padding_tablet=&#8220;||400px||false|false&#8220; custom_padding_phone=&#8220;||300px||false|false&#8220; saved_tabs=&#8220;all&#8220; global_colors_info=&#8220;{}&#8220;][et_pb_column type=&#8220;3_5&#8243; _builder_version=&#8220;4.16&#8243; _module_preset=&#8220;default&#8220; global_colors_info=&#8220;{}&#8220;][\/et_pb_column][et_pb_column type=&#8220;1_5&#8243; _builder_version=&#8220;4.16&#8243; _module_preset=&#8220;default&#8220; border_width_right=&#8220;1px&#8220; border_color_right=&#8220;#ffffff&#8220; border_width_right_tablet=&#8220;&#8220; border_width_right_phone=&#8220;0px&#8220; border_width_right_last_edited=&#8220;on|phone&#8220; global_colors_info=&#8220;{}&#8220;][et_pb_text admin_label=&#8220;Navibutton %22Spenden%22&#8243; _builder_version=&#8220;4.23.4&#8243; _module_preset=&#8220;default&#8220; background_color=&#8220;#007f7c&#8220; text_orientation=&#8220;center&#8220; background_layout=&#8220;dark&#8220; max_width=&#8220;150px&#8220; module_alignment=&#8220;right&#8220; custom_margin=&#8220;0px||0px||false|false&#8220; custom_padding=&#8220;12px||12px||false|false&#8220; link_option_url=&#8220;https:\/\/jetzt-fru.ch\/andristmatte\/wp-content\/uploads\/Tarifliste-Preisliste-2026-F.pdf&#8220; link_option_url_new_window=&#8220;on&#8220; global_colors_info=&#8220;{}&#8220; background__hover_enabled=&#8220;on|hover&#8220; background_color__hover=&#8220;#c5d877&#8243; background_enable_color__hover=&#8220;on&#8220; background_layout__hover_enabled=&#8220;on|hover&#8220; background_layout__hover=&#8220;light&#8220;]<\/p>\n<p>Tarife<\/p>\n<p>[\/et_pb_text][\/et_pb_column][et_pb_column type=&#8220;1_5&#8243; _builder_version=&#8220;4.16&#8243; _module_preset=&#8220;default&#8220; global_colors_info=&#8220;{}&#8220;][et_pb_text admin_label=&#8220;Navibutton %22Spenden%22&#8243; _builder_version=&#8220;4.23.4&#8243; _module_preset=&#8220;default&#8220; background_color=&#8220;#007f7c&#8220; text_orientation=&#8220;center&#8220; background_layout=&#8220;dark&#8220; max_width=&#8220;150px&#8220; max_width_tablet=&#8220;200px&#8220; max_width_last_edited=&#8220;off|desktop&#8220; module_alignment=&#8220;left&#8220; custom_margin=&#8220;0px||0px||false|false&#8220; custom_margin_tablet=&#8220;&#8220; custom_margin_phone=&#8220;2px||0px||false|false&#8220; custom_margin_last_edited=&#8220;on|phone&#8220; custom_padding=&#8220;12px||12px||false|false&#8220; link_option_url=&#8220;https:\/\/jetzt-fru.ch\/andristmatte\/wp-content\/uploads\/VL-Anmeldeformular-F.pdf&#8220; link_option_url_new_window=&#8220;on&#8220; module_alignment_tablet=&#8220;&#8220; module_alignment_phone=&#8220;right&#8220; module_alignment_last_edited=&#8220;on|phone&#8220; global_colors_info=&#8220;{}&#8220; background__hover_enabled=&#8220;on|hover&#8220; background_color__hover=&#8220;#c5d877&#8243; background_enable_color__hover=&#8220;on&#8220; background_layout__hover_enabled=&#8220;on|hover&#8220; background_layout__hover=&#8220;light&#8220;]<\/p>\n<p>Anmeldung<\/p>\n<p>[\/et_pb_text][\/et_pb_column][\/et_pb_row][et_pb_row _builder_version=&#8220;4.16&#8243; _module_preset=&#8220;default&#8220; max_width=&#8220;2560px&#8220; custom_margin=&#8220;0px||15%||false|false&#8220; custom_padding=&#8220;0px||0px||false|false&#8220; global_colors_info=&#8220;{}&#8220;][et_pb_column type=&#8220;4_4&#8243; _builder_version=&#8220;4.16&#8243; _module_preset=&#8220;default&#8220; global_colors_info=&#8220;{}&#8220;][et_pb_text disabled_on=&#8220;off|off|off&#8220; admin_label=&#8220;Aktuell&#8220; _builder_version=&#8220;4.23.4&#8243; background_color=&#8220;#e73e08&#8243; text_orientation=&#8220;center&#8220; background_layout=&#8220;dark&#8220; width=&#8220;250px&#8220; width_tablet=&#8220;&#8220; width_phone=&#8220;200px&#8220; width_last_edited=&#8220;on|phone&#8220; max_width=&#8220;250px&#8220; max_width_tablet=&#8220;&#8220; max_width_phone=&#8220;200px&#8220; max_width_last_edited=&#8220;on|phone&#8220; module_alignment=&#8220;left&#8220; height=&#8220;250px&#8220; height_tablet=&#8220;&#8220; height_phone=&#8220;200px&#8220; height_last_edited=&#8220;on|phone&#8220; max_height=&#8220;250px&#8220; max_height_tablet=&#8220;&#8220; max_height_phone=&#8220;200px&#8220; max_height_last_edited=&#8220;on|phone&#8220; custom_margin=&#8220;0px||0px||false|false&#8220; custom_padding=&#8220;70px|10px||10px|false|false&#8220; custom_padding_tablet=&#8220;&#8220; custom_padding_phone=&#8220;50px|10px||10px|false|false&#8220; custom_padding_last_edited=&#8220;on|phone&#8220; animation_style=&#8220;fold&#8220; link_option_url=&#8220;https:\/\/jetzt-fru.ch\/beruf-bildung\/&#8220; link_option_url_new_window=&#8220;on&#8220; module_alignment_tablet=&#8220;left&#8220; module_alignment_phone=&#8220;left&#8220; module_alignment_last_edited=&#8220;on|phone&#8220; border_radii=&#8220;on|150px|150px|150px|150px&#8220; box_shadow_style=&#8220;preset1&#8243; box_shadow_color=&#8220;rgba(0,0,0,0.4)&#8220; global_colors_info=&#8220;{}&#8220; background__hover_enabled=&#8220;on|hover&#8220; background_color__hover=&#8220;#6ca5d9&#8243; background_enable_color__hover=&#8220;on&#8220;]<\/p>\n<h2><strong>offene Stellen <\/strong><\/h2>\n<h2><strong>&amp; Berufsbildung<\/strong><\/h2>\n<p>[\/et_pb_text][\/et_pb_column][\/et_pb_row][et_pb_row column_structure=&#8220;1_4,1_4,1_4,1_4&#8243; _builder_version=&#8220;4.23&#8243; _module_preset=&#8220;default&#8220; max_width=&#8220;2560px&#8220; custom_margin=&#8220;0px||15%||false|false&#8220; custom_padding=&#8220;0px||0px||false|false&#8220; global_colors_info=&#8220;{}&#8220;][et_pb_column type=&#8220;1_4&#8243; _builder_version=&#8220;4.16&#8243; _module_preset=&#8220;default&#8220; global_colors_info=&#8220;{}&#8220;][\/et_pb_column][et_pb_column type=&#8220;1_4&#8243; _builder_version=&#8220;4.16&#8243; _module_preset=&#8220;default&#8220; global_colors_info=&#8220;{}&#8220;][\/et_pb_column][et_pb_column type=&#8220;1_4&#8243; _builder_version=&#8220;4.16&#8243; _module_preset=&#8220;default&#8220; global_colors_info=&#8220;{}&#8220;][\/et_pb_column][et_pb_column type=&#8220;1_4&#8243; _builder_version=&#8220;4.16&#8243; _module_preset=&#8220;default&#8220; global_colors_info=&#8220;{}&#8220;][\/et_pb_column][\/et_pb_row][et_pb_row custom_padding_last_edited=&#8220;on|desktop&#8220; _builder_version=&#8220;4.16&#8243; width=&#8220;100%&#8220; max_width=&#8220;2560px&#8220; custom_margin=&#8220;0px||0px||false|false&#8220; custom_padding=&#8220;0px|0px|0px|5%|false|false&#8220; custom_padding_tablet=&#8220;&#8220; custom_padding_phone=&#8220;|||0px|false|false&#8220; global_colors_info=&#8220;{}&#8220;][et_pb_column type=&#8220;4_4&#8243; _builder_version=&#8220;4.16&#8243; custom_padding=&#8220;0px||0px||false|false&#8220; global_colors_info=&#8220;{}&#8220;][et_pb_text _builder_version=&#8220;4.16&#8243; background_color=&#8220;#6ca5d9&#8243; background_layout=&#8220;dark&#8220; max_width=&#8220;50%&#8220; max_width_tablet=&#8220;90%&#8220; max_width_phone=&#8220;90%&#8220; max_width_last_edited=&#8220;on|phone&#8220; module_alignment=&#8220;right&#8220; custom_margin=&#8220;0px||0px||false|false&#8220; custom_padding=&#8220;20px|40px|10px|40px|false|false&#8220; border_radii=&#8220;off|15px|||15px&#8220; global_colors_info=&#8220;{}&#8220;]<\/p>\n<h1><strong>Leben bei und mit uns<\/strong><\/h1>\n<p>[\/et_pb_text][\/et_pb_column][\/et_pb_row][\/et_pb_section][et_pb_section fb_built=&#8220;1&#8243; _builder_version=&#8220;4.16&#8243; custom_margin=&#8220;0px||0px||false|false&#8220; custom_padding=&#8220;0px||0px||false|false&#8220; global_colors_info=&#8220;{}&#8220;][et_pb_row column_structure=&#8220;1_2,1_2&#8243; use_custom_gutter=&#8220;on&#8220; gutter_width=&#8220;1&#8243; make_equal=&#8220;on&#8220; _builder_version=&#8220;4.16&#8243; width=&#8220;100%&#8220; max_width=&#8220;2560px&#8220; custom_margin=&#8220;0px||0px||false|false&#8220; custom_padding=&#8220;0px||0px||false|false&#8220; global_colors_info=&#8220;{}&#8220;][et_pb_column type=&#8220;1_2&#8243; _builder_version=&#8220;4.16&#8243; background_color=&#8220;#007f7c&#8220; custom_padding=&#8220;80px|40px|80px|10%|false|false&#8220; custom_padding_tablet=&#8220;|80px||80px|false|false&#8220; custom_padding_phone=&#8220;|40px||40px|false|false&#8220; custom_padding_last_edited=&#8220;on|phone&#8220; global_colors_info=&#8220;{}&#8220;][et_pb_text _builder_version=&#8220;4.16&#8243; background_layout=&#8220;dark&#8220; custom_margin=&#8220;0px||50px||false|false&#8220; custom_padding=&#8220;0px||0px||false|false&#8220; global_colors_info=&#8220;{}&#8220;]<\/p>\n<h2>Herzlich willkommen<br \/> <strong>in der Andristmatte<\/strong><\/h2>\n<p>[\/et_pb_text][et_pb_text _builder_version=&#8220;4.23.4&#8243; header_3_text_color=&#8220;#c5d877&#8243; background_layout=&#8220;dark&#8220; custom_margin=&#8220;0px||30px||false|false&#8220; custom_padding=&#8220;40px||0px||false|false&#8220; border_width_top=&#8220;1px&#8220; border_color_top=&#8220;rgba(255,255,255,0.75)&#8220; global_colors_info=&#8220;{}&#8220;]<\/p>\n<h3>Restaurant Andristmatte<\/h3>\n<p>Feine K\u00fcche \u2013 guter Preis.<br \/>365 Tage im Jahr f\u00fcr Sie ge\u00f6ffnet, von 10 bis 17 Uhr.<br \/>Wir freuen uns auf Ihren Besuch!<\/p>\n<p>Kontaktieren Sie uns f\u00fcr Ihre konkrete Anfrage.<\/p>\n<p>Tagesmenu \/ Vegimenu CHF 17.\u2013<br \/>(+ Dessert CHF 3.50 \/ + Kaffee CHF 4.\u2013)<\/p>\n<p>[\/et_pb_text][et_pb_blurb title=&#8220;Men\u00fcplan 20. &#8211; 26. April 2026&#8243; url=&#8220;https:\/\/jetzt-fru.ch\/andristmatte\/wp-content\/uploads\/260413-Menueplan-Woche-17.pdf&#8220; url_new_window=&#8220;on&#8220; image=&#8220;https:\/\/jetzt-fru.ch\/wp-content\/uploads\/jetzt_icons_test_menuplan-hellgruen.svg&#8220; icon_placement=&#8220;left&#8220; image_icon_width=&#8220;80px&#8220; content_max_width=&#8220;1046px&#8220; _builder_version=&#8220;4.23.4&#8243; header_font_size=&#8220;19px&#8220; transform_translate_linked__hover=&#8220;off&#8220; background_layout=&#8220;dark&#8220; custom_margin=&#8220;0px||40px||false|false&#8220; custom_padding=&#8220;0px||0px||false|false&#8220; link_option_url=&#8220;https:\/\/jetzt-fru.ch\/andristmatte\/wp-content\/uploads\/260413-Menueplan-Woche-17.pdf&#8220; link_option_url_new_window=&#8220;on&#8220; hover_enabled=&#8220;0&#8243; custom_css_blurb_title=&#8220;padding-top: 30px;||&#8220; image_max_width=&#8220;80px&#8220; locked=&#8220;off&#8220; global_colors_info=&#8220;{}&#8220; transform_styles__hover_enabled=&#8220;on|hover&#8220; transform_scale__hover_enabled=&#8220;on|hover&#8220; transform_translate__hover_enabled=&#8220;on|hover&#8220; transform_rotate__hover_enabled=&#8220;on|desktop&#8220; transform_skew__hover_enabled=&#8220;on|desktop&#8220; transform_origin__hover_enabled=&#8220;on|desktop&#8220; transform_scale__hover=&#8220;105%|105%&#8220; transform_translate__hover=&#8220;10px|0px&#8220; sticky_enabled=&#8220;0&#8243;][\/et_pb_blurb][et_pb_blurb title=&#8220;Men\u00fcplan 13. &#8211; 19. April 2026&#8243; url=&#8220;https:\/\/jetzt-fru.ch\/andristmatte\/wp-content\/uploads\/260604-Menueplan-Woche-16.pdf&#8220; url_new_window=&#8220;on&#8220; image=&#8220;https:\/\/jetzt-fru.ch\/wp-content\/uploads\/jetzt_icons_test_menuplan-hellgruen.svg&#8220; icon_placement=&#8220;left&#8220; image_icon_width=&#8220;80px&#8220; content_max_width=&#8220;1046px&#8220; _builder_version=&#8220;4.23.4&#8243; header_font_size=&#8220;19px&#8220; transform_translate_linked__hover=&#8220;off&#8220; background_layout=&#8220;dark&#8220; custom_margin=&#8220;0px||40px||false|false&#8220; custom_padding=&#8220;0px||0px||false|false&#8220; link_option_url=&#8220;https:\/\/jetzt-fru.ch\/andristmatte\/wp-content\/uploads\/260604-Menueplan-Woche-16.pdf&#8220; link_option_url_new_window=&#8220;on&#8220; custom_css_blurb_title=&#8220;padding-top: 30px;||&#8220; image_max_width=&#8220;80px&#8220; locked=&#8220;off&#8220; global_colors_info=&#8220;{}&#8220; transform_styles__hover_enabled=&#8220;on|hover&#8220; transform_scale__hover_enabled=&#8220;on|hover&#8220; transform_translate__hover_enabled=&#8220;on|hover&#8220; transform_rotate__hover_enabled=&#8220;on|desktop&#8220; transform_skew__hover_enabled=&#8220;on|desktop&#8220; transform_origin__hover_enabled=&#8220;on|desktop&#8220; transform_scale__hover=&#8220;105%|105%&#8220; transform_translate__hover=&#8220;10px|0px&#8220;][\/et_pb_blurb][et_pb_text _builder_version=&#8220;4.16&#8243; header_3_text_color=&#8220;#c5d877&#8243; background_layout=&#8220;dark&#8220; min_height=&#8220;102.8px&#8220; custom_margin=&#8220;0px||0px||false|false&#8220; custom_padding=&#8220;40px||0px||false|false&#8220; link_option_url=&#8220;https:\/\/jetzt-fru.ch\/aktuell\/#events&#8220; link_option_url_new_window=&#8220;on&#8220; border_width_top=&#8220;1px&#8220; border_color_top=&#8220;rgba(255,255,255,0.75)&#8220; global_colors_info=&#8220;{}&#8220;]<\/p>\n<h3>Veranstaltungen<\/h3>\n<h4>Hier steht, was geht&#8230;\u00a0<\/h4>\n<p>[\/et_pb_text][et_pb_button button_url=&#8220;https:\/\/jetzt-fru.ch\/aktuell\/#events&#8220; button_text=&#8220;&#8230;zu den Events&#8220; _builder_version=&#8220;4.23.4&#8243; button_icon_color=&#8220;#007f7c&#8220; custom_margin=&#8220;0px|0px|20px|0px|false|false&#8220; custom_margin_tablet=&#8220;|80px|||false|false&#8220; custom_margin_phone=&#8220;|40px||40px|false|false&#8220; custom_margin_last_edited=&#8220;on|phone&#8220; custom_padding=&#8220;3px||2px||false|false&#8220; global_colors_info=&#8220;{}&#8220; button_text_color__hover_enabled=&#8220;on|desktop&#8220; button_text_color__hover=&#8220;#007f7c&#8220;][\/et_pb_button][et_pb_button button_url=&#8220;https:\/\/jetzt-fru.ch\/andristmatte\/wp-content\/uploads\/260331-Veranstaltungen-April.pdf&#8220; url_new_window=&#8220;on&#8220; button_text=&#8220;Veranstaltungskalender&#8220; _builder_version=&#8220;4.23.4&#8243; button_icon_color=&#8220;#007f7c&#8220; custom_margin=&#8220;0px|0px|80px|0px|false|false&#8220; custom_margin_tablet=&#8220;|80px|||false|false&#8220; custom_margin_phone=&#8220;|40px||40px|false|false&#8220; custom_margin_last_edited=&#8220;on|phone&#8220; custom_padding=&#8220;3px||2px||false|false&#8220; global_colors_info=&#8220;{}&#8220; button_text_color__hover_enabled=&#8220;on|desktop&#8220; button_text_color__hover=&#8220;#007f7c&#8220;][\/et_pb_button][et_pb_text disabled_on=&#8220;on|on|on&#8220; _builder_version=&#8220;4.23&#8243; header_3_text_color=&#8220;#c5d877&#8243; background_layout=&#8220;dark&#8220; custom_margin=&#8220;0px||50px||false|false&#8220; custom_padding=&#8220;40px||0px||false|false&#8220; link_option_url_new_window=&#8220;on&#8220; border_width_top=&#8220;1px&#8220; border_color_top=&#8220;rgba(255,255,255,0.75)&#8220; disabled=&#8220;on&#8220; global_colors_info=&#8220;{}&#8220;]<\/p>\n<h3>\u00a0\u00a0Zufriedenheitsbefragung<\/h3>\n<p>Die Zufriedenheitsbefragung wird alle 2 Jahre durch die unabh\u00e4ngige terzStiftung durchgef\u00fchrt. Wir freuen uns sehr dar\u00fcber, aufgrund der R\u00fcckmeldungen die Labels f\u00fcr hohe Zufriedenheit erhalten zu haben von unseren Mitarbeitenden, Bewohnenden und deren Angeh\u00f6rigen.<\/p>\n<h3><\/h3>\n<h3><img loading=\"lazy\" decoding=\"async\" src=\"https:\/\/jetzt-fru.ch\/andristmatte\/wp-content\/uploads\/Label_Mitarbeiter_2023_BMP-300x300.bmp\" width=\"150\" height=\"150\" alt=\"\" class=\"wp-image-2165 alignnone size-medium\" srcset=\"https:\/\/jetzt-fru.ch\/andristmatte\/wp-content\/uploads\/Label_Mitarbeiter_2023_BMP-300x300.bmp 300w, https:\/\/jetzt-fru.ch\/andristmatte\/wp-content\/uploads\/Label_Mitarbeiter_2023_BMP-1024x1024.bmp 1024w, https:\/\/jetzt-fru.ch\/andristmatte\/wp-content\/uploads\/Label_Mitarbeiter_2023_BMP-150x150.bmp 150w, https:\/\/jetzt-fru.ch\/andristmatte\/wp-content\/uploads\/Label_Mitarbeiter_2023_BMP-768x767.bmp 768w, https:\/\/jetzt-fru.ch\/andristmatte\/wp-content\/uploads\/Label_Mitarbeiter_2023_BMP-1080x1079.bmp 1080w, https:\/\/jetzt-fru.ch\/andristmatte\/wp-content\/uploads\/Label_Mitarbeiter_2023_BMP-980x979.bmp 980w, https:\/\/jetzt-fru.ch\/andristmatte\/wp-content\/uploads\/Label_Mitarbeiter_2023_BMP-480x480.bmp 480w, https:\/\/jetzt-fru.ch\/andristmatte\/wp-content\/uploads\/Label_Mitarbeiter_2023_BMP.bmp 1174w\" sizes=\"(max-width: 150px) 100vw, 150px\" \/> \u00a0<img loading=\"lazy\" decoding=\"async\" src=\"https:\/\/jetzt-fru.ch\/andristmatte\/wp-content\/uploads\/Label_Bewohner_2023_BMP-300x300.bmp\" width=\"150\" height=\"150\" alt=\"\" class=\"wp-image-2164 alignnone size-medium\" style=\"font-size: 16px;\" srcset=\"https:\/\/jetzt-fru.ch\/andristmatte\/wp-content\/uploads\/Label_Bewohner_2023_BMP-300x300.bmp 300w, https:\/\/jetzt-fru.ch\/andristmatte\/wp-content\/uploads\/Label_Bewohner_2023_BMP-1024x1024.bmp 1024w, https:\/\/jetzt-fru.ch\/andristmatte\/wp-content\/uploads\/Label_Bewohner_2023_BMP-150x150.bmp 150w, https:\/\/jetzt-fru.ch\/andristmatte\/wp-content\/uploads\/Label_Bewohner_2023_BMP-768x767.bmp 768w, https:\/\/jetzt-fru.ch\/andristmatte\/wp-content\/uploads\/Label_Bewohner_2023_BMP-1080x1079.bmp 1080w, https:\/\/jetzt-fru.ch\/andristmatte\/wp-content\/uploads\/Label_Bewohner_2023_BMP-980x979.bmp 980w, https:\/\/jetzt-fru.ch\/andristmatte\/wp-content\/uploads\/Label_Bewohner_2023_BMP-480x480.bmp 480w, https:\/\/jetzt-fru.ch\/andristmatte\/wp-content\/uploads\/Label_Bewohner_2023_BMP.bmp 1174w\" sizes=\"(max-width: 150px) 100vw, 150px\" \/> \u00a0<img loading=\"lazy\" decoding=\"async\" src=\"https:\/\/jetzt-fru.ch\/andristmatte\/wp-content\/uploads\/Label_Angehoerige_2023-BMP-300x300.bmp\" width=\"149\" height=\"149\" alt=\"\" class=\"wp-image-2166 alignnone size-medium\" style=\"font-size: 16px;\" srcset=\"https:\/\/jetzt-fru.ch\/andristmatte\/wp-content\/uploads\/Label_Angehoerige_2023-BMP-300x300.bmp 300w, https:\/\/jetzt-fru.ch\/andristmatte\/wp-content\/uploads\/Label_Angehoerige_2023-BMP-1024x1024.bmp 1024w, https:\/\/jetzt-fru.ch\/andristmatte\/wp-content\/uploads\/Label_Angehoerige_2023-BMP-150x150.bmp 150w, https:\/\/jetzt-fru.ch\/andristmatte\/wp-content\/uploads\/Label_Angehoerige_2023-BMP-768x767.bmp 768w, https:\/\/jetzt-fru.ch\/andristmatte\/wp-content\/uploads\/Label_Angehoerige_2023-BMP-1080x1079.bmp 1080w, https:\/\/jetzt-fru.ch\/andristmatte\/wp-content\/uploads\/Label_Angehoerige_2023-BMP-980x979.bmp 980w, https:\/\/jetzt-fru.ch\/andristmatte\/wp-content\/uploads\/Label_Angehoerige_2023-BMP-480x480.bmp 480w, https:\/\/jetzt-fru.ch\/andristmatte\/wp-content\/uploads\/Label_Angehoerige_2023-BMP.bmp 1174w\" sizes=\"(max-width: 149px) 100vw, 149px\" \/><\/h3>\n<p>[\/et_pb_text][\/et_pb_column][et_pb_column type=&#8220;1_2&#8243; _builder_version=&#8220;4.16&#8243; background_color=&#8220;#f5ece0&#8243; custom_padding=&#8220;0px||0px||false|false&#8220; custom_padding_tablet=&#8220;|80px|||false|false&#8220; custom_padding_phone=&#8220;|40px||40px|false|false&#8220; custom_padding_last_edited=&#8220;off|phone&#8220; global_colors_info=&#8220;{}&#8220;][et_pb_text _builder_version=&#8220;4.23.4&#8243; custom_margin=&#8220;80px|30%|40px|80px|false|false&#8220; custom_margin_tablet=&#8220;|80px|||false|false&#8220; custom_margin_phone=&#8220;|40px||40px|false|false&#8220; custom_margin_last_edited=&#8220;on|phone&#8220; custom_padding=&#8220;0px||0px||false|false&#8220; global_colors_info=&#8220;{}&#8220;]<\/p>\n<h3>jetzt Andristmatte, ein Haus mit Charme an ruhiger Lage oberhalb des Dorfkerns von Frutigen mit phantastischem Bergpanorama. Wir bieten mit 44 Einzelzimmern,<\/h3>\n<h3>41 davon mit eigenem Balkon oder Gartenzugang, Wohn- und Lebensraum f\u00fcr die station\u00e4re Langzeitpflege oder Ferienaufenthalte.<\/h3>\n<h3>Unsere Pflege ist ausgezeichnet mit dem Swiss Care Excellence Certificate.<\/h3>\n<h3><a href=\"https:\/\/jetzt-fru.ch\/andristmatte\/wp-content\/uploads\/Zertifikat-scaled.jpg\" target=\"_blank\" rel=\"noopener\"><img loading=\"lazy\" decoding=\"async\" src=\"https:\/\/jetzt-fru.ch\/andristmatte\/wp-content\/uploads\/concret_Label_RGB-300x300.png\" alt=\"\" class=\"wp-image-1938 alignnone size-medium\" width=\"100\" height=\"100\" \/><\/a><\/h3>\n<p>&nbsp;<\/p>\n<p><strong>jetzt Andristmatte<br \/><\/strong>jetzt Frutigland AG<br \/>Adelbodenstrasse 25<br \/>3714 Frutigen<\/p>\n<p>033 672 44 44<br \/><a href=\"mailto:andristmatte@jetzt-fru.ch\">andristmatte@jetzt-fru.ch<\/a><\/p>\n<p>[\/et_pb_text][et_pb_button button_url=&#8220;https:\/\/jetzt-fru.ch\/andristmatte\/team-kontakt\/&#8220; button_text=&#8220;Team &#038; Kontakt&#8220; button_alignment=&#8220;left&#8220; _builder_version=&#8220;4.16&#8243; custom_button=&#8220;on&#8220; button_text_color=&#8220;#ffffff&#8220; button_bg_color=&#8220;#007f7c&#8220; button_icon_color=&#8220;#007f7c&#8220; custom_margin=&#8220;0px|20%|80px|80px|false|false&#8220; custom_margin_tablet=&#8220;|80px|||false|false&#8220; custom_margin_phone=&#8220;|40px||40px|false|false&#8220; custom_margin_last_edited=&#8220;on|phone&#8220; custom_padding=&#8220;3px||2px||false|false&#8220; global_colors_info=&#8220;{}&#8220; button_text_color__hover_enabled=&#8220;on|desktop&#8220; button_text_color__hover=&#8220;#007f7c&#8220;][\/et_pb_button][et_pb_image src=&#8220;https:\/\/jetzt-fru.ch\/andristmatte\/wp-content\/uploads\/jetzt-andristmatte_home_content.jpg&#8220; title_text=&#8220;jetzt-andristmatte_home_content&#8220; force_fullwidth=&#8220;on&#8220; _builder_version=&#8220;4.16&#8243; custom_margin=&#8220;0px||0px||false|false&#8220; custom_padding=&#8220;0px||0px||false|false&#8220; custom_css_main_element=&#8220;z-index: 1 !important;&#8220; global_colors_info=&#8220;{}&#8220;][\/et_pb_image][\/et_pb_column][\/et_pb_row][\/et_pb_section]<\/p>\n","protected":false},"excerpt":{"rendered":"<p>TarifeAnmeldungoffene Stellen &amp; BerufsbildungLeben bei und mit unsHerzlich willkommen in der AndristmatteRestaurant Andristmatte Feine K\u00fcche \u2013 guter Preis.365 Tage im Jahr f\u00fcr Sie ge\u00f6ffnet, von 10 bis 17 Uhr.Wir freuen uns auf Ihren Besuch! Kontaktieren Sie uns f\u00fcr Ihre konkrete Anfrage. Tagesmenu \/ Vegimenu CHF 17.\u2013(+ Dessert CHF 3.50 \/ + Kaffee CHF 4.\u2013)Veranstaltungen Hier [&hellip;]<\/p>\n","protected":false},"author":2,"featured_media":0,"parent":0,"menu_order":0,"comment_status":"closed","ping_status":"closed","template":"","meta":{"_et_pb_use_builder":"on","_et_pb_old_content":"<!-- wp:paragraph -->\r\n<p>This is an example page. It's different from a blog post because it will stay in one place and will show up in your site navigation (in most themes). Most people start with an About page that introduces them to potential site visitors. It might say something like this:<\/p>\r\n<!-- \/wp:paragraph -->\r\n\r\n<!-- wp:quote -->\r\n<blockquote class=\"wp-block-quote\"><p>Hi there! I'm a bike messenger by day, aspiring actor by night, and this is my website. I live in Los Angeles, have a great dog named Jack, and I like pi\u00f1a coladas. (And gettin' caught in the rain.)<\/p><\/blockquote>\r\n<!-- \/wp:quote -->\r\n\r\n<!-- wp:paragraph -->\r\n<p>...or something like this:<\/p>\r\n<!-- \/wp:paragraph -->\r\n\r\n<!-- wp:quote -->\r\n<blockquote class=\"wp-block-quote\"><p>The XYZ Doohickey Company was founded in 1971, and has been providing quality doohickeys to the public ever since. Located in Gotham City, XYZ employs over 2,000 people and does all kinds of awesome things for the Gotham community.<\/p><\/blockquote>\r\n<!-- \/wp:quote -->\r\n\r\n<!-- wp:paragraph -->\r\n<p>As a new WordPress user, you should go to <a href=\"https:\/\/jetzt-fru.ch\/wp-admin\/\">your dashboard<\/a> to delete this page and create new pages for your content. Have fun!<\/p>\r\n<!-- \/wp:paragraph -->","_et_gb_content_width":"","inline_featured_image":false,"footnotes":""},"_links":{"self":[{"href":"https:\/\/jetzt-fru.ch\/andristmatte\/wp-json\/wp\/v2\/pages\/53"}],"collection":[{"href":"https:\/\/jetzt-fru.ch\/andristmatte\/wp-json\/wp\/v2\/pages"}],"about":[{"href":"https:\/\/jetzt-fru.ch\/andristmatte\/wp-json\/wp\/v2\/types\/page"}],"author":[{"embeddable":true,"href":"https:\/\/jetzt-fru.ch\/andristmatte\/wp-json\/wp\/v2\/users\/2"}],"replies":[{"embeddable":true,"href":"https:\/\/jetzt-fru.ch\/andristmatte\/wp-json\/wp\/v2\/comments?post=53"}],"version-history":[{"count":526,"href":"https:\/\/jetzt-fru.ch\/andristmatte\/wp-json\/wp\/v2\/pages\/53\/revisions"}],"predecessor-version":[{"id":2889,"href":"https:\/\/jetzt-fru.ch\/andristmatte\/wp-json\/wp\/v2\/pages\/53\/revisions\/2889"}],"wp:attachment":[{"href":"https:\/\/jetzt-fru.ch\/andristmatte\/wp-json\/wp\/v2\/media?parent=53"}],"curies":[{"name":"wp","href":"https:\/\/api.w.org\/{rel}","templated":true}]}}