{"id":1365,"date":"2020-12-07T15:19:39","date_gmt":"2020-12-07T15:19:39","guid":{"rendered":"https:\/\/jetzt-fru.ch\/andristmatte\/?page_id=1365"},"modified":"2026-01-07T07:58:18","modified_gmt":"2026-01-07T07:58:18","slug":"leben-bei-uns","status":"publish","type":"page","link":"https:\/\/jetzt-fru.ch\/andristmatte\/leben-bei-uns\/","title":{"rendered":"Leben bei uns"},"content":{"rendered":"<p>[et_pb_section fb_built=&#8220;1&#8243; _builder_version=&#8220;4.16&#8243; _module_preset=&#8220;default&#8220; background_image=&#8220;https:\/\/jetzt-fru.ch\/andristmatte\/wp-content\/uploads\/jetzt-andristmatte_lebenbeiuns_header.jpg&#8220; global_colors_info=&#8220;{}&#8220;][et_pb_row column_structure=&#8220;3_5,1_5,1_5&#8243; use_custom_gutter=&#8220;on&#8220; gutter_width=&#8220;1&#8243; custom_padding_last_edited=&#8220;on|phone&#8220; _builder_version=&#8220;4.7.7&#8243; _module_preset=&#8220;default&#8220; width=&#8220;100%&#8220; max_width=&#8220;2560px&#8220; custom_margin=&#8220;0px||0px||false|false&#8220; custom_padding=&#8220;0px||30%||false|false&#8220; custom_padding_tablet=&#8220;||400px||false|false&#8220; custom_padding_phone=&#8220;||200px||false|false&#8220; global_module=&#8220;1242&#8243; global_colors_info=&#8220;{}&#8220;][et_pb_column type=&#8220;3_5&#8243; _builder_version=&#8220;4.16&#8243; _module_preset=&#8220;default&#8220; global_colors_info=&#8220;{}&#8220;][\/et_pb_column][et_pb_column type=&#8220;1_5&#8243; _builder_version=&#8220;4.16&#8243; _module_preset=&#8220;default&#8220; border_width_right=&#8220;1px&#8220; border_color_right=&#8220;#ffffff&#8220; border_width_right_tablet=&#8220;&#8220; border_width_right_phone=&#8220;0px&#8220; border_width_right_last_edited=&#8220;on|desktop&#8220; global_colors_info=&#8220;{}&#8220;][\/et_pb_column][et_pb_column type=&#8220;1_5&#8243; _builder_version=&#8220;4.16&#8243; _module_preset=&#8220;default&#8220; global_colors_info=&#8220;{}&#8220;][\/et_pb_column][\/et_pb_row][et_pb_row custom_padding_last_edited=&#8220;on|desktop&#8220; _builder_version=&#8220;4.16&#8243; width=&#8220;100%&#8220; max_width=&#8220;2560px&#8220; custom_margin=&#8220;0px||0px||false|false&#8220; custom_padding=&#8220;0px|0px|0px|5%|false|false&#8220; custom_padding_tablet=&#8220;&#8220; custom_padding_phone=&#8220;|||0px|false|false&#8220; global_colors_info=&#8220;{}&#8220;][et_pb_column type=&#8220;4_4&#8243; _builder_version=&#8220;4.16&#8243; custom_padding=&#8220;0px||0px||false|false&#8220; global_colors_info=&#8220;{}&#8220;][et_pb_text admin_label=&#8220;(H1) farbiger Balken&#8220; _builder_version=&#8220;4.16&#8243; background_color=&#8220;#99a1d1&#8243; background_layout=&#8220;dark&#8220; max_width=&#8220;40%&#8220; max_width_tablet=&#8220;90%&#8220; max_width_phone=&#8220;90%&#8220; max_width_last_edited=&#8220;on|phone&#8220; module_alignment=&#8220;right&#8220; custom_margin=&#8220;0px||0px||false|false&#8220; custom_padding=&#8220;15px|40px|5px|40px|false|false&#8220; border_radii=&#8220;off|15px|||15px&#8220; global_colors_info=&#8220;{}&#8220;]<\/p>\n<h1><strong>Leben bei uns<\/strong><\/h1>\n<p>[\/et_pb_text][\/et_pb_column][\/et_pb_row][\/et_pb_section][et_pb_section fb_built=&#8220;1&#8243; _builder_version=&#8220;4.16&#8243; background_color=&#8220;#007f7c&#8220; custom_margin=&#8220;0px||0px||false|false&#8220; custom_padding=&#8220;50px||40px||false|false&#8220; global_colors_info=&#8220;{}&#8220;][et_pb_row _builder_version=&#8220;4.16&#8243; global_colors_info=&#8220;{}&#8220;][et_pb_column type=&#8220;4_4&#8243; _builder_version=&#8220;4.16&#8243; global_colors_info=&#8220;{}&#8220;][et_pb_text _builder_version=&#8220;4.16&#8243; background_layout=&#8220;dark&#8220; max_width=&#8220;80%&#8220; max_width_tablet=&#8220;&#8220; max_width_phone=&#8220;100%&#8220; max_width_last_edited=&#8220;on|phone&#8220; module_alignment=&#8220;left&#8220; custom_margin=&#8220;0px||0px||false|false&#8220; custom_padding=&#8220;0px||0px||false|false&#8220; global_colors_info=&#8220;{}&#8220;]<\/p>\n<h3>\u00abDie wichtigste Stunde ist immer die Gegenwart.<br \/> Der bedeutendste Mensch immer der, der dir gerade gegen\u00fcbersteht.\u00bb<\/h3>\n<p>Eckhart von Hochheim<\/p>\n<p>[\/et_pb_text][\/et_pb_column][\/et_pb_row][\/et_pb_section][et_pb_section fb_built=&#8220;1&#8243; _builder_version=&#8220;4.16&#8243; background_color=&#8220;#ebe4e8&#8243; custom_margin=&#8220;0px||0px||false|false&#8220; custom_padding=&#8220;100px||130px||false|false&#8220; global_colors_info=&#8220;{}&#8220;][et_pb_row _builder_version=&#8220;4.16&#8243; custom_margin=&#8220;0px||80px||false|false&#8220; custom_padding=&#8220;0px||0px||false|false&#8220; global_colors_info=&#8220;{}&#8220;][et_pb_column type=&#8220;4_4&#8243; _builder_version=&#8220;4.16&#8243; global_colors_info=&#8220;{}&#8220;][et_pb_text _builder_version=&#8220;4.16&#8243; custom_margin=&#8220;0px||0px||false|false&#8220; custom_padding=&#8220;0px||0px||false|false&#8220; global_colors_info=&#8220;{}&#8220;]Bewohnende und ihre Angeh\u00f6rigen sollen ein selbstbestimmtes, zufriedenes Leben als gleichwertige Mitglieder unserer Gesellschaft f\u00fchren k\u00f6nnen. Bei uns sind Sie unabh\u00e4ngig \u2013 haben aber auch jederzeit die M\u00f6glichkeit, von vielen verschiedenen Dienstleistungen zu profitieren. Jeden Tag, rund um die Uhr.[\/et_pb_text][\/et_pb_column][\/et_pb_row][et_pb_row column_structure=&#8220;2_3,1_3&#8243; use_custom_gutter=&#8220;on&#8220; gutter_width=&#8220;1&#8243; _builder_version=&#8220;4.16&#8243; custom_margin=&#8220;0px||50px||false|false&#8220; custom_padding=&#8220;0px||0px||false|false&#8220; global_colors_info=&#8220;{}&#8220;][et_pb_column type=&#8220;2_3&#8243; _builder_version=&#8220;4.16&#8243; global_colors_info=&#8220;{}&#8220;][et_pb_image src=&#8220;https:\/\/jetzt-fru.ch\/andristmatte\/wp-content\/uploads\/jetzt-andristmatte_lebenbeiuns_blumen.jpg&#8220; title_text=&#8220;jetzt-andristmatte_lebenbeiuns_blumen&#8220; align=&#8220;right&#8220; _builder_version=&#8220;4.16&#8243; custom_margin=&#8220;0px||50px|-150px|false|false&#8220; custom_margin_tablet=&#8220;|||0px|false|false&#8220; custom_margin_phone=&#8220;||0px|0px|false|false&#8220; custom_margin_last_edited=&#8220;on|phone&#8220; custom_padding=&#8220;0px||0px||false|false&#8220; global_colors_info=&#8220;{}&#8220;][\/et_pb_image][\/et_pb_column][et_pb_column type=&#8220;1_3&#8243; _builder_version=&#8220;4.16&#8243; global_colors_info=&#8220;{}&#8220;][et_pb_text _builder_version=&#8220;4.16&#8243; header_3_text_color=&#8220;#007f7c&#8220; background_color=&#8220;#ffffff&#8220; custom_margin=&#8220;100px||0px|-80px|false|false&#8220; custom_margin_tablet=&#8220;-150px|50px||100px|false|false&#8220; custom_margin_phone=&#8220;|20px||20px|false|false&#8220; custom_margin_last_edited=&#8220;on|tablet&#8220; custom_padding=&#8220;40px|20px|0px|30px|false|false&#8220; border_radii=&#8220;off||10px||&#8220; border_radii_tablet=&#8220;off|10px|10px||&#8220; border_radii_phone=&#8220;&#8220; border_radii_last_edited=&#8220;on|phone&#8220; global_colors_info=&#8220;{}&#8220;]<\/p>\n<h2>Leitmotive<\/h2>\n<p>&nbsp;<\/p>\n<ul>\n<li>Unsere Zusammenarbeit ist von Achtung, Respekt und Toleranz gepr\u00e4gt<\/li>\n<\/ul>\n<p>[\/et_pb_text][et_pb_text _builder_version=&#8220;4.16&#8243; header_3_text_color=&#8220;#007f7c&#8220; background_color=&#8220;#ffffff&#8220; custom_margin=&#8220;0px||0px|-80px|false|false&#8220; custom_margin_tablet=&#8220;0px|50px||100px|false|false&#8220; custom_margin_phone=&#8220;|20px||20px|false|false&#8220; custom_margin_last_edited=&#8220;on|phone&#8220; custom_padding=&#8220;0px|20px|0px|30px|false|false&#8220; global_colors_info=&#8220;{}&#8220;]<\/p>\n<ul>\n<li>Wir arbeiten engagiert und eigenverantwortlich sowie ziel- und ergebnisorientiert<\/li>\n<\/ul>\n<p>[\/et_pb_text][et_pb_text _builder_version=&#8220;4.16&#8243; header_3_text_color=&#8220;#007f7c&#8220; background_color=&#8220;#ffffff&#8220; custom_margin=&#8220;0px||0px|-80px|false|false&#8220; custom_margin_tablet=&#8220;0px|50px||100px|false|false&#8220; custom_margin_phone=&#8220;|20px||20px|false|false&#8220; custom_margin_last_edited=&#8220;on|phone&#8220; custom_padding=&#8220;0px|20px|0px|30px|false|false&#8220; global_colors_info=&#8220;{}&#8220;]<\/p>\n<ul>\n<li>Wir wollen die Bed\u00fcrfnisse und Erwartungen unserer Kunden marktgerecht erf\u00fcllen<\/li>\n<\/ul>\n<p>[\/et_pb_text][et_pb_text _builder_version=&#8220;4.16&#8243; header_3_text_color=&#8220;#007f7c&#8220; background_color=&#8220;#ffffff&#8220; custom_margin=&#8220;0px||0px|-80px|false|false&#8220; custom_margin_tablet=&#8220;0px|50px||100px|false|false&#8220; custom_margin_phone=&#8220;|20px||20px|false|false&#8220; custom_margin_last_edited=&#8220;on|phone&#8220; custom_padding=&#8220;0px|20px|0px|30px|false|false&#8220; global_colors_info=&#8220;{}&#8220;]<\/p>\n<ul>\n<li>Wir verbessern kontinuierlich unsere Dienstleistungen und Prozesse, zu Fehlern stehen wir und lernen daraus<\/li>\n<\/ul>\n<p>[\/et_pb_text][et_pb_text _builder_version=&#8220;4.16&#8243; header_3_text_color=&#8220;#007f7c&#8220; background_color=&#8220;#ffffff&#8220; custom_margin=&#8220;0px||0px|-80px|false|false&#8220; custom_margin_tablet=&#8220;0px|50px||100px|false|false&#8220; custom_margin_phone=&#8220;|20px||20px|false|false&#8220; custom_margin_last_edited=&#8220;on|phone&#8220; custom_padding=&#8220;0px|20px|0px|30px|false|false&#8220; global_colors_info=&#8220;{}&#8220;]<\/p>\n<ul>\n<li>Wir denken und handeln vernetzt und vorausschauend<\/li>\n<\/ul>\n<p>[\/et_pb_text][et_pb_text _builder_version=&#8220;4.16&#8243; header_3_text_color=&#8220;#007f7c&#8220; background_color=&#8220;#ffffff&#8220; custom_margin=&#8220;0px||50px|-80px|false|false&#8220; custom_margin_tablet=&#8220;0px|50px||100px|false|false&#8220; custom_margin_phone=&#8220;|20px|0px|20px|false|false&#8220; custom_margin_last_edited=&#8220;on|phone&#8220; custom_padding=&#8220;0px|20px|60px|30px|false|false&#8220; border_radii=&#8220;off|||10px|&#8220; border_radii_tablet=&#8220;off|||0px|&#8220; border_radii_phone=&#8220;&#8220; border_radii_last_edited=&#8220;on|phone&#8220; global_colors_info=&#8220;{}&#8220;]<\/p>\n<ul>\n<li>Wir sind offen und denken konstruktiv\/positiv<\/li>\n<\/ul>\n<p>[\/et_pb_text][\/et_pb_column][\/et_pb_row][\/et_pb_section][et_pb_section fb_built=&#8220;1&#8243; module_id=&#8220;informationen&#8220; _builder_version=&#8220;4.16&#8243; background_color=&#8220;#ffffff&#8220; custom_margin=&#8220;0px||0px||false|false&#8220; custom_padding=&#8220;100px||130px||false|false&#8220; global_colors_info=&#8220;{}&#8220;][et_pb_row _builder_version=&#8220;4.16&#8243; custom_margin=&#8220;0px||0px||false|false&#8220; custom_padding=&#8220;0px||0px||false|false&#8220; global_colors_info=&#8220;{}&#8220;][et_pb_column type=&#8220;4_4&#8243; _builder_version=&#8220;4.16&#8243; global_colors_info=&#8220;{}&#8220;][et_pb_text _builder_version=&#8220;4.23.4&#8243; custom_margin=&#8220;0px||50px||false|false&#8220; custom_padding=&#8220;0px||0px||false|false&#8220; hover_enabled=&#8220;0&#8243; global_colors_info=&#8220;{}&#8220; sticky_enabled=&#8220;0&#8243;]<\/p>\n<h2>Infos von A \u2013 Z<\/h2>\n<p>&nbsp;<\/p>\n<p>In unserem Merkblatt \u00abLeben in der Andristmatte\u00bb finden Sie die wichtigsten Informationen f\u00fcr Ihren Aufenthalt bei uns. Bei Fragen melden Sie sich, gerne nehmen wir uns Zeit f\u00fcr Ihre Anliegen oder eine Besichtigung und unterst\u00fctzen Sie mit Rat und Tat.<\/p>\n<p>[\/et_pb_text][et_pb_button button_url=&#8220;https:\/\/jetzt-fru.ch\/andristmatte\/wp-content\/uploads\/MB-Leben-in-der-jetzt-Andristmatte-2.pdf&#8220; url_new_window=&#8220;on&#8220; button_text=&#8220;PDF Leben in der Andristmatte&#8220; _builder_version=&#8220;4.23.4&#8243; _module_preset=&#8220;default&#8220; hover_enabled=&#8220;0&#8243; global_colors_info=&#8220;{}&#8220; sticky_enabled=&#8220;0&#8243;][\/et_pb_button][\/et_pb_column][\/et_pb_row][\/et_pb_section][et_pb_section fb_built=&#8220;1&#8243; _builder_version=&#8220;4.4.6&#8243; background_color=&#8220;#007f7c&#8220; custom_margin=&#8220;0px||0px||false|false&#8220; custom_padding=&#8220;60px||60px||false|false&#8220; global_module=&#8220;534&#8243; saved_tabs=&#8220;all&#8220; global_colors_info=&#8220;{}&#8220;][et_pb_row column_structure=&#8220;1_4,1_2,1_4&#8243; _builder_version=&#8220;4.16&#8243; max_width=&#8220;2560px&#8220; custom_margin=&#8220;0px||0px||false|false&#8220; custom_padding=&#8220;0px||0px||false|false&#8220; global_colors_info=&#8220;{}&#8220;][et_pb_column type=&#8220;1_4&#8243; _builder_version=&#8220;4.16&#8243; global_colors_info=&#8220;{}&#8220;][et_pb_image src=&#8220;https:\/\/jetzt-fru.ch\/andristmatte\/wp-content\/uploads\/jetzt-andristmatte_logo_weiss.svg&#8220; title_text=&#8220;jetzt-andristmatte_logo_weiss&#8220; url=&#8220;https:\/\/jetzt-fru.ch\/andristmatte\/&#8220; align=&#8220;right&#8220; align_tablet=&#8220;left&#8220; align_last_edited=&#8220;off|tablet&#8220; _builder_version=&#8220;4.16&#8243; width=&#8220;240px&#8220; max_width=&#8220;240px&#8220; module_alignment=&#8220;right&#8220; custom_margin=&#8220;0px||30px||false|false&#8220; custom_padding=&#8220;0px||0px||false|false&#8220; module_alignment_tablet=&#8220;left&#8220; module_alignment_phone=&#8220;left&#8220; module_alignment_last_edited=&#8220;on|desktop&#8220; filter_opacity_last_edited=&#8220;off|desktop&#8220; global_colors_info=&#8220;{}&#8220; filter_opacity__hover_enabled=&#8220;on|hover&#8220; filter_opacity__hover=&#8220;85%&#8220;][\/et_pb_image][\/et_pb_column][et_pb_column type=&#8220;1_2&#8243; _builder_version=&#8220;4.16&#8243; global_colors_info=&#8220;{}&#8220;][et_pb_text _builder_version=&#8220;4.16&#8243; link_text_color=&#8220;#ffffff&#8220; background_layout=&#8220;dark&#8220; custom_margin=&#8220;0px||0px||false|false&#8220; custom_margin_tablet=&#8220;||50px||false|false&#8220; custom_margin_phone=&#8220;&#8220; custom_margin_last_edited=&#8220;on|phone&#8220; custom_padding=&#8220;0px||0px||false|false&#8220; global_colors_info=&#8220;{}&#8220;]<\/p>\n<p>jetzt Andristmatte<strong><br \/><\/strong>jetzt Frutigland AG<br \/>Adelbodenstrasse 25<br \/>3714 Frutigen<\/p>\n<p>033 672 44 44<br \/><a href=\"mailto:andristmatte@jetzt-fru.ch\">andristmatte@jetzt-fru.ch<\/a><\/p>\n<p>[\/et_pb_text][\/et_pb_column][et_pb_column type=&#8220;1_4&#8243; _builder_version=&#8220;4.16&#8243; global_colors_info=&#8220;{}&#8220;][et_pb_text _builder_version=&#8220;4.16&#8243; background_layout=&#8220;dark&#8220; custom_margin=&#8220;0px||20px||false|false&#8220; custom_padding=&#8220;0px||0px||false|false&#8220; global_colors_info=&#8220;{}&#8220;]<\/p>\n<p>In Zusammenarbeit mit<\/p>\n<p>[\/et_pb_text][et_pb_image src=&#8220;https:\/\/jetzt-fru.ch\/andristmatte\/wp-content\/uploads\/jetzt-froeschenmoos_logo_weiss.svg&#8220; title_text=&#8220;jetzt-froeschenmoos_logo_weiss&#8220; url=&#8220;https:\/\/jetzt-fru.ch\/froeschenmoos\/&#8220; _builder_version=&#8220;4.16&#8243; width=&#8220;140px&#8220; max_width=&#8220;140px&#8220; module_alignment=&#8220;left&#8220; custom_margin=&#8220;0px||30px||false|false&#8220; custom_padding=&#8220;0px||0px||false|false&#8220; global_colors_info=&#8220;{}&#8220; filter_brightness__hover_enabled=&#8220;on|hover&#8220; filter_brightness__hover=&#8220;0%&#8220;][\/et_pb_image][\/et_pb_column][\/et_pb_row][\/et_pb_section]<\/p>\n","protected":false},"excerpt":{"rendered":"<p>Leben bei uns\u00abDie wichtigste Stunde ist immer die Gegenwart. Der bedeutendste Mensch immer der, der dir gerade gegen\u00fcbersteht.\u00bb Eckhart von HochheimBewohnende und ihre Angeh\u00f6rigen sollen ein selbstbestimmtes, zufriedenes Leben als gleichwertige Mitglieder unserer Gesellschaft f\u00fchren k\u00f6nnen. Bei uns sind Sie unabh\u00e4ngig \u2013 haben aber auch jederzeit die M\u00f6glichkeit, von vielen verschiedenen Dienstleistungen zu profitieren. Jeden [&hellip;]<\/p>\n","protected":false},"author":2,"featured_media":0,"parent":0,"menu_order":0,"comment_status":"closed","ping_status":"closed","template":"","meta":{"_et_pb_use_builder":"on","_et_pb_old_content":"","_et_gb_content_width":"","inline_featured_image":false,"footnotes":""},"_links":{"self":[{"href":"https:\/\/jetzt-fru.ch\/andristmatte\/wp-json\/wp\/v2\/pages\/1365"}],"collection":[{"href":"https:\/\/jetzt-fru.ch\/andristmatte\/wp-json\/wp\/v2\/pages"}],"about":[{"href":"https:\/\/jetzt-fru.ch\/andristmatte\/wp-json\/wp\/v2\/types\/page"}],"author":[{"embeddable":true,"href":"https:\/\/jetzt-fru.ch\/andristmatte\/wp-json\/wp\/v2\/users\/2"}],"replies":[{"embeddable":true,"href":"https:\/\/jetzt-fru.ch\/andristmatte\/wp-json\/wp\/v2\/comments?post=1365"}],"version-history":[{"count":25,"href":"https:\/\/jetzt-fru.ch\/andristmatte\/wp-json\/wp\/v2\/pages\/1365\/revisions"}],"predecessor-version":[{"id":2816,"href":"https:\/\/jetzt-fru.ch\/andristmatte\/wp-json\/wp\/v2\/pages\/1365\/revisions\/2816"}],"wp:attachment":[{"href":"https:\/\/jetzt-fru.ch\/andristmatte\/wp-json\/wp\/v2\/media?parent=1365"}],"curies":[{"name":"wp","href":"https:\/\/api.w.org\/{rel}","templated":true}]}}